{"id":845,"date":"2021-07-29T11:07:20","date_gmt":"2021-07-29T09:07:20","guid":{"rendered":"https:\/\/www.myrecycledcontent.be\/?page_id=845"},"modified":"2021-08-11T17:21:39","modified_gmt":"2021-08-11T15:21:39","slug":"merci","status":"publish","type":"page","link":"https:\/\/www.myrecycledcontent.be\/fr\/inscription-en-tant-que-fournisseur\/merci\/","title":{"rendered":"Merci pour votre inscription"},"content":{"rendered":"<p style=\"text-align: center;\">Veuillez v\u00e9rifier votre boite mail pour valider votre inscription.<br \/>\nEnsuite, rendez-vous dans votre espace fournisseur pour r\u00e9f\u00e9rencer vos emballages plastiques contenant des \u00e9l\u00e9ments recycl\u00e9s<\/p>\n<p style=\"text-align: center;\"><a class=\"btn\" style=\"text-align: center;\" href=\"https:\/\/www.myrecycledcontent.be\/espace-fournisseurs\/\">Aller dans mon espace fournisseur<\/a><\/p>\n","protected":false},"excerpt":{"rendered":"<p>Veuillez v\u00e9rifier votre boite mail pour valider votre inscription. Ensuite, rendez-vous dans votre espace fournisseur pour r\u00e9f\u00e9rencer vos emballages plastiques [&hellip;]<\/p>\n","protected":false},"author":1,"featured_media":0,"parent":43,"menu_order":0,"comment_status":"closed","ping_status":"closed","template":"template-page\/thankyou.php","meta":{"_acf_changed":false,"footnotes":""},"class_list":["post-845","page","type-page","status-publish","hentry"],"acf":[],"_links":{"self":[{"href":"https:\/\/www.myrecycledcontent.be\/fr\/wp-json\/wp\/v2\/pages\/845","targetHints":{"allow":["GET"]}}],"collection":[{"href":"https:\/\/www.myrecycledcontent.be\/fr\/wp-json\/wp\/v2\/pages"}],"about":[{"href":"https:\/\/www.myrecycledcontent.be\/fr\/wp-json\/wp\/v2\/types\/page"}],"author":[{"embeddable":true,"href":"https:\/\/www.myrecycledcontent.be\/fr\/wp-json\/wp\/v2\/users\/1"}],"replies":[{"embeddable":true,"href":"https:\/\/www.myrecycledcontent.be\/fr\/wp-json\/wp\/v2\/comments?post=845"}],"version-history":[{"count":3,"href":"https:\/\/www.myrecycledcontent.be\/fr\/wp-json\/wp\/v2\/pages\/845\/revisions"}],"predecessor-version":[{"id":944,"href":"https:\/\/www.myrecycledcontent.be\/fr\/wp-json\/wp\/v2\/pages\/845\/revisions\/944"}],"up":[{"embeddable":true,"href":"https:\/\/www.myrecycledcontent.be\/fr\/wp-json\/wp\/v2\/pages\/43"}],"wp:attachment":[{"href":"https:\/\/www.myrecycledcontent.be\/fr\/wp-json\/wp\/v2\/media?parent=845"}],"curies":[{"name":"wp","href":"https:\/\/api.w.org\/{rel}","templated":true}]}}