{"id":8,"date":"2021-06-24T11:59:52","date_gmt":"2021-06-24T11:59:52","guid":{"rendered":"https:\/\/www.myrecycledcontent.be\/home-page\/"},"modified":"2024-10-25T15:42:51","modified_gmt":"2024-10-25T13:42:51","slug":"home-page","status":"publish","type":"page","link":"https:\/\/www.myrecycledcontent.be\/fr\/","title":{"rendered":"Utilisez des emballages industriels contenant du plastique recycl\u00e9 <br> <span>et recevez un <span><span class=\"fluo\">bonus <span><\/span><\/span> de Valipac.<\/span>"},"content":{"rendered":"<p>Cette plateforme est une initiative de <a href=\"http:\/\/www.valipac.be\" target=\"_blank\" rel=\"noopener\">Valipac<\/a>. Son objectif est de promouvoir l\u2019utilisation des emballages industriels contenant du plastique recycl\u00e9 par la mise en contact des fournisseurs et des utilisateurs professionnels.<\/p>\n<p><strong>A partir de 2025, les clients de Valipac qui s&rsquo;adressent \u00e0 un fournisseur figurant sur ce site peuvent obtenir un bonus de 100\u20ac\/tonne pour la mati\u00e8re recycl\u00e9e pr\u00e9sente dans les emballages industriels en plastique fabriqu\u00e9s \u00e0 partir d&rsquo;au moins 30% de mati\u00e8re recycl\u00e9e post consommateur.<br \/>\n<\/strong><\/p>\n<h3><strong><br \/>\n<a class=\"btn\" href=\"https:\/\/www.myrecycledcontent.be\/wp-content\/uploads\/2024\/10\/telechargez-notre-flyer.pdf\" target=\"_blank\" rel=\"noopener\">T\u00c9L\u00c9CHARGEZ NOTRE FLYER<\/a><br \/>\n<\/strong><\/h3>\n","protected":false},"excerpt":{"rendered":"<p>Cette plateforme est une initiative de Valipac. Son objectif est de promouvoir l\u2019utilisation des emballages industriels contenant du plastique recycl\u00e9 [&hellip;]<\/p>\n","protected":false},"author":1,"featured_media":312,"parent":0,"menu_order":0,"comment_status":"closed","ping_status":"closed","template":"template-page\/homepage.php","meta":{"_acf_changed":false,"footnotes":""},"class_list":["post-8","page","type-page","status-publish","has-post-thumbnail","hentry"],"acf":[],"_links":{"self":[{"href":"https:\/\/www.myrecycledcontent.be\/fr\/wp-json\/wp\/v2\/pages\/8","targetHints":{"allow":["GET"]}}],"collection":[{"href":"https:\/\/www.myrecycledcontent.be\/fr\/wp-json\/wp\/v2\/pages"}],"about":[{"href":"https:\/\/www.myrecycledcontent.be\/fr\/wp-json\/wp\/v2\/types\/page"}],"author":[{"embeddable":true,"href":"https:\/\/www.myrecycledcontent.be\/fr\/wp-json\/wp\/v2\/users\/1"}],"replies":[{"embeddable":true,"href":"https:\/\/www.myrecycledcontent.be\/fr\/wp-json\/wp\/v2\/comments?post=8"}],"version-history":[{"count":12,"href":"https:\/\/www.myrecycledcontent.be\/fr\/wp-json\/wp\/v2\/pages\/8\/revisions"}],"predecessor-version":[{"id":4621,"href":"https:\/\/www.myrecycledcontent.be\/fr\/wp-json\/wp\/v2\/pages\/8\/revisions\/4621"}],"wp:featuredmedia":[{"embeddable":true,"href":"https:\/\/www.myrecycledcontent.be\/fr\/wp-json\/wp\/v2\/media\/312"}],"wp:attachment":[{"href":"https:\/\/www.myrecycledcontent.be\/fr\/wp-json\/wp\/v2\/media?parent=8"}],"curies":[{"name":"wp","href":"https:\/\/api.w.org\/{rel}","templated":true}]}}