{"id":43,"date":"2021-06-29T19:38:16","date_gmt":"2021-06-29T17:38:16","guid":{"rendered":"https:\/\/www.myrecycledcontent.be\/?page_id=43"},"modified":"2021-08-31T15:16:32","modified_gmt":"2021-08-31T13:16:32","slug":"inscription-en-tant-que-fournisseur","status":"publish","type":"page","link":"https:\/\/www.myrecycledcontent.be\/fr\/inscription-en-tant-que-fournisseur\/","title":{"rendered":"Inscription en tant que fournisseur"},"content":{"rendered":"<p>Inscrivez-vous \u00e0 la plateforme afin de r\u00e9f\u00e9rencer vos emballages plastique contenant des mati\u00e8res recycl\u00e9es.<\/p>\n<p>Avant de poursuivre, assurez-vous que vous disposez bien d&rsquo;une certification de pourcentage de PCR pour les emballages que vous souhaitez r\u00e9f\u00e9rencer sur ce site.<br \/>\nCette certification est octroy\u00e9e par des syst\u00e8mes de certification agr\u00e9\u00e9s par PolyCert (Blauer Engel, QA-CER, &#8230;)<\/p>\n<p><a class=\"readmore\" href=\"https:\/\/www.myrecycledcontent.be\/comment-ca-marche\/\">En savoir plus sur les avantages de la plateforme<\/a><\/p>\n","protected":false},"excerpt":{"rendered":"<p>Inscrivez-vous \u00e0 la plateforme afin de r\u00e9f\u00e9rencer vos emballages plastique contenant des mati\u00e8res recycl\u00e9es. Avant de poursuivre, assurez-vous que vous [&hellip;]<\/p>\n","protected":false},"author":1,"featured_media":0,"parent":0,"menu_order":0,"comment_status":"closed","ping_status":"closed","template":"template-page\/inscription-fournisseur.php","meta":{"_acf_changed":false,"footnotes":""},"class_list":["post-43","page","type-page","status-publish","hentry"],"acf":[],"_links":{"self":[{"href":"https:\/\/www.myrecycledcontent.be\/fr\/wp-json\/wp\/v2\/pages\/43","targetHints":{"allow":["GET"]}}],"collection":[{"href":"https:\/\/www.myrecycledcontent.be\/fr\/wp-json\/wp\/v2\/pages"}],"about":[{"href":"https:\/\/www.myrecycledcontent.be\/fr\/wp-json\/wp\/v2\/types\/page"}],"author":[{"embeddable":true,"href":"https:\/\/www.myrecycledcontent.be\/fr\/wp-json\/wp\/v2\/users\/1"}],"replies":[{"embeddable":true,"href":"https:\/\/www.myrecycledcontent.be\/fr\/wp-json\/wp\/v2\/comments?post=43"}],"version-history":[{"count":6,"href":"https:\/\/www.myrecycledcontent.be\/fr\/wp-json\/wp\/v2\/pages\/43\/revisions"}],"predecessor-version":[{"id":1438,"href":"https:\/\/www.myrecycledcontent.be\/fr\/wp-json\/wp\/v2\/pages\/43\/revisions\/1438"}],"wp:attachment":[{"href":"https:\/\/www.myrecycledcontent.be\/fr\/wp-json\/wp\/v2\/media?parent=43"}],"curies":[{"name":"wp","href":"https:\/\/api.w.org\/{rel}","templated":true}]}}